{"id":184,"date":"2022-02-01T08:24:29","date_gmt":"2022-02-01T11:24:29","guid":{"rendered":"http:\/\/http.varomajoias.com.br\/?page_id=184"},"modified":"2022-10-06T07:34:23","modified_gmt":"2022-10-06T10:34:23","slug":"catalogos","status":"publish","type":"page","link":"https:\/\/http.varomajoias.com.br\/index.php\/catalogos\/","title":{"rendered":"Cat\u00e1logos"},"content":{"rendered":"\t\t<div data-elementor-type=\"wp-page\" data-elementor-id=\"184\" class=\"elementor elementor-184\" data-elementor-settings=\"[]\">\n\t\t\t\t\t\t\t<div class=\"elementor-section-wrap\">\n\t\t\t\t\t\t\t<section class=\"elementor-section elementor-top-section elementor-element elementor-element-aeb3862 elementor-section-full_width elementor-section-height-default elementor-section-height-default\" data-id=\"aeb3862\" data-element_type=\"section\" data-settings=\"{&quot;_ha_eqh_enable&quot;:false}\">\n\t\t\t\t\t\t<div class=\"elementor-container elementor-column-gap-no\">\n\t\t\t\t\t<div class=\"elementor-column elementor-col-100 elementor-top-column elementor-element elementor-element-621e7b8\" data-id=\"621e7b8\" data-element_type=\"column\">\n\t\t\t<div class=\"elementor-widget-wrap elementor-element-populated\">\n\t\t\t\t\t\t\t\t<div class=\"elementor-element elementor-element-294a6fc elementor-widget elementor-widget-prime-slider-general\" data-id=\"294a6fc\" data-element_type=\"widget\" data-widget_type=\"prime-slider-general.default\">\n\t\t\t\t<div class=\"elementor-widget-container\">\n\t\t\t\t\t<div class=\"bdt-prime-slider\">\n\t\t\t\t\t\t\t<div class=\"bdt-header-wrapper bdt-position-top\">\n\t\t\t\t\t<header class=\"bdt-prime-header-skin-general\">\n\t\t\t\t\t\t<div class=\"bdt-prime-slider-container\">\n\t\t\t\t\t\t\t<div class=\"bdt-header-inner bdt-flex bdt-flex-middle\" bdt-grid>\n\t\t\t\t\t\t\t\t<div class=\"bdt-width-auto\">\n\t\t\t\t\t\t\t\t\t<div class=\"bdt-prime-slider-logo bdt-flex bdt-flex-middle\">\n\n\t\t\t\t\t\t\t\t\t\t\t\t\t\t\t\t\t\t\t\t\t\t\t\t\t\t\t\t\t\t\t\n\t\t\t\t\t\t\t\t\t\t\n\t\t\t\t\t\t\n\t\t\t\t\t\t\t<a class=\"bdt-logo-inner\" bdt-scrollspy=\"cls: bdt-animation-fade; delay: 500;\" href=\"https:\/\/www.varomajoias.com.br\">\n\n\t\t\t\t\t\t\t\t\n\t\t\t\t\t\t\t\t\t<img decoding=\"async\" width=\"75\" src=\"https:\/\/http.varomajoias.com.br\/wp-content\/uploads\/2022\/01\/PNG-BRANCO-COM-R-300x171.png\" alt=\"Cat\u00e1logos\">\n\t\t\t\t\t\t\t\t\n\t\t\t\t\t\t\t<\/a>\n\n\t\t\t\t\t\t\t\t\t\t\t\n\t\t\t\t\t\t\t\t\t<\/div>\n\t\t\t\t\t\t\t\t<\/div>\n\t\t\t\t\t\t\t\t<div class=\"bdt-width-expand\">\n\t\t\t\t\t\t\t\t\t\t\t\t\t\t\t\t\t\t\n\t\t\t\t\t\t<div class=\"bdt-prime-slider-navbar bdt-grid-small\" bdt-grid>\n\t\t\t\t\t\t\t<div class=\"bdt-width-expand\">\n\n\t\t\t\t\t\t\t\t\t\t\t\t\t\t\t\t\t\r\n        <nav class=\"bdt-navbar\">\r\n            <div class=\"bdt-navbar-right\">\r\n\r\n                <ul class=\"bdt-navbar-nav bdt-prime-slider-menu-style-default\" bdt-scrollspy=\"cls: bdt-animation-slide-top; delay: 350; target: .bdt-menu-item;\">\r\n\r\n                    \r\n                        \r\n                        <li class=\"bdt-menu-item\">\r\n                            <a href=\"http:\/\/www.varomajoias.com.br\" >In\u00edcio                            <\/a>\r\n                        <\/li>\r\n\r\n                    \r\n                        \r\n                        <li class=\"bdt-menu-item\">\r\n                            <a href=\"http:\/\/www.varomajoias.com.br\/categoria\/produtos\/1\" >Produtos                            <\/a>\r\n                        <\/li>\r\n\r\n                    \r\n                        \r\n                        <li class=\"bdt-menu-item\">\r\n                            <a href=\"#confira\" >Cat\u00e1logos                            <\/a>\r\n                        <\/li>\r\n\r\n                    \r\n                        \r\n                        <li class=\"bdt-menu-item\">\r\n                            <a href=\"http:\/\/http.varomajoias.com.br\/index.php\/colecoes\/\" >Cole\u00e7\u00f5es                            <\/a>\r\n                        <\/li>\r\n\r\n                    \r\n                <\/ul>\r\n            <\/div>\r\n        <\/nav>\r\n\r\n    \t\t\t\t\t\t\t\t\n\t\t\t\t\t\t\t<\/div>\n\n\t\t\t\t\t\t\t\t\t\t\t\t\t\t\t\t\t\t\t\t\t\t<div class=\"bdt-width-auto\">\n\n\t\t\t\t\t\t\t\t\t\n\t\t\t\t\t\t<div class=\"bdt-offcanvas-button-wrapper\">\n\t\t\t\t\t\t\t<a class=\"bdt-offcanvas-button elementor-button\" bdt-scrollspy=\"cls: bdt-animation-fade; delay: 500;\" bdt-toggle=\"target: #bdt-offcanvas-294a6fc\" href=\"#\">\n\n\t\t\t\t\t\t\t\t<span class=\"elementor-button-content-wrapper\">\n\t\t\t\t\t\t\t\t\t\t\t\t\t\t\t\t\t\t\t<span class=\"elementor-align-icon- bdt-offcanvas-button-icon elementor-button-icon\">\n\n\t\t\t\t\t\t\t\t\t\t\t<i aria-hidden=\"true\" class=\"fa-fw fas fa-bars\"><\/i>\n\t\t\t\t\t\t\t\t\t\t<\/span>\n\t\t\t\t\t\t\t\t\t\t\t\t\t\t\t\t\t\t\t\t\t\t\t\t\t\t<\/span>\n\n\t\t\t\t\t\t\t<\/a>\n\t\t\t\t\t\t<\/div>\n\t\t\t\t\t\n\t\t\t\t\t\t\t\t<\/div>\n\t\t\t\t\t\t\t\n\t\t\t\t\t\t<\/div>\n\n\t\t\t\t\t\t\t\t\t\t\t\t\t<\/div>\n\t\t\t\t\t\t\t<\/div>\n\t\t\t\t\t\t<\/div>\n\t\t\t\t\t<\/header>\n\t\t\t\t<\/div>\n\t\t\t\n\t\t\t<div class=\"bdt-prime-slider-skin-general\">\n\n\t\t\t\t<div class=\"bdt-position-relative bdt-visible-toggle\" bdt-slideshow=\"{&quot;animation&quot;:null,&quot;ratio&quot;:&quot;16:9&quot;,&quot;min-height&quot;:480,&quot;autoplay&quot;:true,&quot;autoplay-interval&quot;:7000,&quot;pause-on-hover&quot;:false,&quot;velocity&quot;:1,&quot;finite&quot;:false}\" data-settings=\"{&quot;id&quot;:&quot;#bdt-294a6fc&quot;,&quot;animation_status&quot;:&quot;no&quot;}\" id=\"bdt-294a6fc\">\n\n\t\t\t\t\t<ul class=\"bdt-slideshow-items\">\n\t\t\t\t\t\n\t\t\t<li class=\"bdt-slideshow-item bdt-flex bdt-flex-middle bdt-flex-center elementor-repeater-item-f2387b9\">\n\t\t\t\t\n\t\t\t\t\t\t\t\t\t\t\t\t\t\t\n\t\t\t\t\t<div class=\"bdt-ps-slide-img\" style=\"background-image: url('https:\/\/http.varomajoias.com.br\/wp-content\/uploads\/2022\/05\/a__25_-23-scaled.jpg')\"><\/div>\n\t\t\t\n\t\t\t\t\t\t\t\t\t\t\n\t\t\t\t\t\n\t\t\t\t\t\t\t\t\t<div class=\"bdt-overlay-default bdt-position-cover\"><\/div>\n\t\t\t\t\n\t\t\t\t\t\t<div class=\"bdt-position-z-index bdt-position-large\">\n\t\t\t<div class=\"bdt-prime-slider-wrapper\">\n\t\t\t\t<div class=\"bdt-prime-slider-content\">\n\t\t\t\t\t<div class=\"bdt-prime-slider-desc\">\n\n\t\t\t\t\t\t\n\t\t\t\t\t\t\t\t\t\t\t\t\t<div class=\"bdt-main-title\" bdt-slideshow-parallax=\"x: 100,0,-20; opacity: 1,1,0\">\n\t\t\t\t\t\t\t\t<h1 class=\"bdt-title-tag\">\n\t\t\t\t\t\t\t\t\t\t\t\t\t\t\t\t\t\t\tCat\u00e1logos\t\t\t\t\t\t\t\t\t\t\t\t\t\t\t\t\t\t<\/h1>\n\t\t\t\t\t\t\t<\/div>\n\t\t\t\t\t\t\n\t\t\t\t\t\t\n\t\t\t\t\t\t<div bdt-slideshow-parallax=\"x: 150,0,-30; opacity: 1,1,0\">\n\t\t\t\t\t\t\t<div class=\"bdt-btn-wrapper\">\n\t\t\t\t\t\t\t\t\n\t\t\n\t\t\t<a class=\"bdt-slide-btn\" href=\"\">\n\n\t\t\t\t\t\t\t\t<span class=\"bdt-prime-slider-button-wrapper\">\n\n\t\t\t\t\t<span class=\"bdt-prime-slider-button-text bdt-flex bdt-flex-middle bdt-flex-inline\">Confira Abaixo<span class=\"bdt-slide-btn-icon\"><svg width=\"20\" height=\"20\" viewBox=\"0 0 20 20\" xmlns=\"http:\/\/www.w3.org\/2000\/svg\" data-svg=\"arrow-right\">\n\t\t\t\t\t\t\t\t<polyline fill=\"none\" stroke=\"#000\" points=\"10 5 15 9.5 10 14\"><\/polyline>\n\t\t\t\t\t\t\t\t<line fill=\"none\" stroke=\"#000\" x1=\"4\" y1=\"9.5\" x2=\"15\" y2=\"9.5\"><\/line>\n\t\t\t\t\t\t\t<\/svg><\/span><\/span>\n\n\t\t\t\t<\/span>\n\n\t\t\t<\/a>\n\t\t\t\t\t\t\t\t\t<\/div>\n\t\t\t\t\t\t<\/div>\n\t\t\t\t\t<\/div>\n\n\t\t\t\t\t\n\t\t\t\t<\/div>\n\t\t\t<\/div>\n\t\t<\/div>\n\t\t\t\t\t<\/li>\n\n\t\t\t\n\t\t\t\t\t<\/ul>\n\n\t\t\t\t\t\n\t\t\t\t\t\t\n\t\t\t\t\t\t\t\t\t\t\n\t\t\t\t\t\t\n\t\t\t\t\t\t\t\t\t<\/div>\n\n\t\t\t\t\t\t\t\t\t\t\t<\/div>\n\t\t<\/div>\n\n\t\t\n\t\t\t\t\t\t<div class=\"bdt-offcanvas\" id=\"bdt-offcanvas-294a6fc\" data-settings=\"{&quot;id&quot;:&quot;bdt-offcanvas-294a6fc&quot;,&quot;layout&quot;:&quot;default&quot;}\" bdt-offcanvas=\"mode: slide;\">\n\t\t\t\t\t\t\t<div class=\"bdt-offcanvas-bar\">\n\n\t\t\t\t\t\t\t\t\t\t\t\t\t\t\t\t\t<button class=\"bdt-offcanvas-close\" type=\"button\" bdt-close><\/button>\n\t\t\t\t\t\t\t\t\n\t\t\t\t\t\t\t\t\t\t\t\t\t\t\t\t\t\n\t\t\t\t\t\t\t\t\t\n\t\t\t\t\t\t\t\t\t\t\t\t\t\t\t\t\t\t\t\t\t\t\t\t<\/div>\n\t\t\t\t\t\t<\/div>\n\n\t\t\t\t\t\t\t\t\t<\/div>\n\t\t\t\t<\/div>\n\t\t\t\t\t<\/div>\n\t\t<\/div>\n\t\t\t\t\t\t\t<\/div>\n\t\t<\/section>\n\t\t\t\t<section class=\"elementor-section elementor-top-section elementor-element elementor-element-b98ead7 elementor-section-boxed elementor-section-height-default elementor-section-height-default\" data-id=\"b98ead7\" data-element_type=\"section\" data-settings=\"{&quot;_ha_eqh_enable&quot;:false}\">\n\t\t\t\t\t\t<div class=\"elementor-container elementor-column-gap-default\">\n\t\t\t\t\t<div class=\"elementor-column elementor-col-50 elementor-top-column elementor-element elementor-element-007afbe\" data-id=\"007afbe\" data-element_type=\"column\">\n\t\t\t<div class=\"elementor-widget-wrap elementor-element-populated\">\n\t\t\t\t\t\t\t\t<div data-ha-element-link=\"{&quot;url&quot;:&quot;https:\\\/\\\/drive.google.com\\\/drive\\\/u\\\/2\\\/my-drive&quot;,&quot;is_external&quot;:&quot;&quot;,&quot;nofollow&quot;:&quot;&quot;,&quot;custom_attributes&quot;:&quot;&quot;}\" style=\"cursor: pointer\" class=\"elementor-element elementor-element-4a708ca elementor-widget elementor-widget-image\" data-id=\"4a708ca\" data-element_type=\"widget\" data-widget_type=\"image.default\">\n\t\t\t\t<div class=\"elementor-widget-container\">\n\t\t\t<style>\/*! elementor - v3.5.3 - 28-12-2021 *\/\n.elementor-widget-image{text-align:center}.elementor-widget-image a{display:inline-block}.elementor-widget-image a img[src$=\".svg\"]{width:48px}.elementor-widget-image img{vertical-align:middle;display:inline-block}<\/style>\t\t\t\t\t\t\t\t\t\t\t\t<img decoding=\"async\" width=\"724\" height=\"1024\" src=\"https:\/\/http.varomajoias.com.br\/wp-content\/uploads\/2022\/10\/Catalogo-Dia-das-Criancas-Capa-finally-web-724x1024.jpg\" class=\"attachment-large size-large\" alt=\"\" srcset=\"https:\/\/http.varomajoias.com.br\/wp-content\/uploads\/2022\/10\/Catalogo-Dia-das-Criancas-Capa-finally-web-724x1024.jpg 724w, https:\/\/http.varomajoias.com.br\/wp-content\/uploads\/2022\/10\/Catalogo-Dia-das-Criancas-Capa-finally-web-212x300.jpg 212w, https:\/\/http.varomajoias.com.br\/wp-content\/uploads\/2022\/10\/Catalogo-Dia-das-Criancas-Capa-finally-web-768x1086.jpg 768w, https:\/\/http.varomajoias.com.br\/wp-content\/uploads\/2022\/10\/Catalogo-Dia-das-Criancas-Capa-finally-web-1086x1536.jpg 1086w, https:\/\/http.varomajoias.com.br\/wp-content\/uploads\/2022\/10\/Catalogo-Dia-das-Criancas-Capa-finally-web-1448x2048.jpg 1448w, https:\/\/http.varomajoias.com.br\/wp-content\/uploads\/2022\/10\/Catalogo-Dia-das-Criancas-Capa-finally-web.jpg 1500w\" sizes=\"(max-width: 724px) 100vw, 724px\" \/>\t\t\t\t\t\t\t\t\t\t\t\t\t\t\t<\/div>\n\t\t\t\t<\/div>\n\t\t\t\t\t<\/div>\n\t\t<\/div>\n\t\t\t\t<div class=\"elementor-column elementor-col-50 elementor-top-column elementor-element elementor-element-b2fa6f8\" data-id=\"b2fa6f8\" data-element_type=\"column\">\n\t\t\t<div class=\"elementor-widget-wrap elementor-element-populated\">\n\t\t\t\t\t\t\t\t<div data-ha-element-link=\"{&quot;url&quot;:&quot;https:\\\/\\\/drive.google.com\\\/file\\\/d\\\/1wxbk4OF0J92xRhvHoygUZufEjC_DZM6-\\\/view&quot;,&quot;is_external&quot;:&quot;&quot;,&quot;nofollow&quot;:&quot;&quot;,&quot;custom_attributes&quot;:&quot;&quot;}\" style=\"cursor: pointer\" class=\"elementor-element elementor-element-3e365ad elementor-widget elementor-widget-image\" data-id=\"3e365ad\" data-element_type=\"widget\" data-widget_type=\"image.default\">\n\t\t\t\t<div class=\"elementor-widget-container\">\n\t\t\t\t\t\t\t\t\t\t\t\t\t\t\t<img decoding=\"async\" width=\"724\" height=\"1024\" src=\"https:\/\/http.varomajoias.com.br\/wp-content\/uploads\/2022\/07\/Sem-Titulo-1-724x1024.jpg\" class=\"attachment-large size-large\" alt=\"\" srcset=\"https:\/\/http.varomajoias.com.br\/wp-content\/uploads\/2022\/07\/Sem-Titulo-1-724x1024.jpg 724w, https:\/\/http.varomajoias.com.br\/wp-content\/uploads\/2022\/07\/Sem-Titulo-1-212x300.jpg 212w, https:\/\/http.varomajoias.com.br\/wp-content\/uploads\/2022\/07\/Sem-Titulo-1-768x1086.jpg 768w, https:\/\/http.varomajoias.com.br\/wp-content\/uploads\/2022\/07\/Sem-Titulo-1-1086x1536.jpg 1086w, https:\/\/http.varomajoias.com.br\/wp-content\/uploads\/2022\/07\/Sem-Titulo-1-1448x2048.jpg 1448w, https:\/\/http.varomajoias.com.br\/wp-content\/uploads\/2022\/07\/Sem-Titulo-1-scaled.jpg 1810w\" sizes=\"(max-width: 724px) 100vw, 724px\" \/>\t\t\t\t\t\t\t\t\t\t\t\t\t\t\t<\/div>\n\t\t\t\t<\/div>\n\t\t\t\t\t<\/div>\n\t\t<\/div>\n\t\t\t\t\t\t\t<\/div>\n\t\t<\/section>\n\t\t\t\t<section class=\"elementor-section elementor-top-section elementor-element elementor-element-080ddcf elementor-section-boxed elementor-section-height-default elementor-section-height-default\" data-id=\"080ddcf\" data-element_type=\"section\" data-settings=\"{&quot;_ha_eqh_enable&quot;:false}\">\n\t\t\t\t\t\t<div class=\"elementor-container elementor-column-gap-default\">\n\t\t\t\t\t<div class=\"elementor-column elementor-col-50 elementor-top-column elementor-element elementor-element-8d89ca7\" data-id=\"8d89ca7\" data-element_type=\"column\">\n\t\t\t<div class=\"elementor-widget-wrap elementor-element-populated\">\n\t\t\t\t\t\t\t\t<div data-ha-element-link=\"{&quot;url&quot;:&quot;https:\\\/\\\/drive.google.com\\\/file\\\/d\\\/1lsAFXpP7PfAk5EIJsrd_ROgmc4qR9iH0\\\/view&quot;,&quot;is_external&quot;:&quot;&quot;,&quot;nofollow&quot;:&quot;&quot;,&quot;custom_attributes&quot;:&quot;&quot;}\" style=\"cursor: pointer\" class=\"elementor-element elementor-element-36bd3be elementor-widget elementor-widget-image\" data-id=\"36bd3be\" data-element_type=\"widget\" data-widget_type=\"image.default\">\n\t\t\t\t<div class=\"elementor-widget-container\">\n\t\t\t\t\t\t\t\t\t\t\t\t\t\t\t<img decoding=\"async\" width=\"724\" height=\"1024\" src=\"https:\/\/http.varomajoias.com.br\/wp-content\/uploads\/2022\/05\/Catalogo-Outono-Capa-copiar-724x1024.jpg\" class=\"attachment-large size-large\" alt=\"\" srcset=\"https:\/\/http.varomajoias.com.br\/wp-content\/uploads\/2022\/05\/Catalogo-Outono-Capa-copiar-724x1024.jpg 724w, https:\/\/http.varomajoias.com.br\/wp-content\/uploads\/2022\/05\/Catalogo-Outono-Capa-copiar-212x300.jpg 212w, https:\/\/http.varomajoias.com.br\/wp-content\/uploads\/2022\/05\/Catalogo-Outono-Capa-copiar-768x1086.jpg 768w, https:\/\/http.varomajoias.com.br\/wp-content\/uploads\/2022\/05\/Catalogo-Outono-Capa-copiar-1086x1536.jpg 1086w, https:\/\/http.varomajoias.com.br\/wp-content\/uploads\/2022\/05\/Catalogo-Outono-Capa-copiar-1448x2048.jpg 1448w, https:\/\/http.varomajoias.com.br\/wp-content\/uploads\/2022\/05\/Catalogo-Outono-Capa-copiar-scaled.jpg 1810w\" sizes=\"(max-width: 724px) 100vw, 724px\" \/>\t\t\t\t\t\t\t\t\t\t\t\t\t\t\t<\/div>\n\t\t\t\t<\/div>\n\t\t\t\t\t<\/div>\n\t\t<\/div>\n\t\t\t\t<div class=\"elementor-column elementor-col-50 elementor-top-column elementor-element elementor-element-9307ea9\" data-id=\"9307ea9\" data-element_type=\"column\">\n\t\t\t<div class=\"elementor-widget-wrap elementor-element-populated\">\n\t\t\t\t\t\t\t\t<div data-ha-element-link=\"{&quot;url&quot;:&quot;https:\\\/\\\/drive.google.com\\\/file\\\/d\\\/1ApVykxGcTD62tfu-itV6Mn1QaSzkMt-r\\\/view?usp=sharing&quot;,&quot;is_external&quot;:&quot;&quot;,&quot;nofollow&quot;:&quot;&quot;,&quot;custom_attributes&quot;:&quot;&quot;}\" style=\"cursor: pointer\" class=\"elementor-element elementor-element-dcdeb4c elementor-widget elementor-widget-image\" data-id=\"dcdeb4c\" data-element_type=\"widget\" data-widget_type=\"image.default\">\n\t\t\t\t<div class=\"elementor-widget-container\">\n\t\t\t\t\t\t\t\t\t\t\t\t\t\t\t<img decoding=\"async\" width=\"724\" height=\"1024\" src=\"https:\/\/http.varomajoias.com.br\/wp-content\/uploads\/2022\/05\/Catalogo-Namorados-Capa-finally-site-724x1024.jpg\" class=\"attachment-large size-large\" alt=\"\" srcset=\"https:\/\/http.varomajoias.com.br\/wp-content\/uploads\/2022\/05\/Catalogo-Namorados-Capa-finally-site-724x1024.jpg 724w, https:\/\/http.varomajoias.com.br\/wp-content\/uploads\/2022\/05\/Catalogo-Namorados-Capa-finally-site-212x300.jpg 212w, https:\/\/http.varomajoias.com.br\/wp-content\/uploads\/2022\/05\/Catalogo-Namorados-Capa-finally-site-768x1086.jpg 768w, https:\/\/http.varomajoias.com.br\/wp-content\/uploads\/2022\/05\/Catalogo-Namorados-Capa-finally-site-1086x1536.jpg 1086w, https:\/\/http.varomajoias.com.br\/wp-content\/uploads\/2022\/05\/Catalogo-Namorados-Capa-finally-site-1448x2048.jpg 1448w, https:\/\/http.varomajoias.com.br\/wp-content\/uploads\/2022\/05\/Catalogo-Namorados-Capa-finally-site-scaled.jpg 1810w\" sizes=\"(max-width: 724px) 100vw, 724px\" \/>\t\t\t\t\t\t\t\t\t\t\t\t\t\t\t<\/div>\n\t\t\t\t<\/div>\n\t\t\t\t\t<\/div>\n\t\t<\/div>\n\t\t\t\t\t\t\t<\/div>\n\t\t<\/section>\n\t\t\t\t\t\t<\/div>\n\t\t\t\t\t<\/div>\n\t\t","protected":false},"excerpt":{"rendered":"<p>In\u00edcio Produtos Cat\u00e1logos Cole\u00e7\u00f5es Cat\u00e1logos Confira Abaixo<\/p>\n","protected":false},"author":1,"featured_media":0,"parent":0,"menu_order":0,"comment_status":"closed","ping_status":"closed","template":"elementor_canvas","meta":{"om_disable_all_campaigns":false,"_monsterinsights_skip_tracking":false,"_monsterinsights_sitenote_active":false,"_monsterinsights_sitenote_note":"","_monsterinsights_sitenote_category":0,"footnotes":""},"class_list":["post-184","page","type-page","status-publish","hentry"],"_links":{"self":[{"href":"https:\/\/http.varomajoias.com.br\/index.php\/wp-json\/wp\/v2\/pages\/184","targetHints":{"allow":["GET"]}}],"collection":[{"href":"https:\/\/http.varomajoias.com.br\/index.php\/wp-json\/wp\/v2\/pages"}],"about":[{"href":"https:\/\/http.varomajoias.com.br\/index.php\/wp-json\/wp\/v2\/types\/page"}],"author":[{"embeddable":true,"href":"https:\/\/http.varomajoias.com.br\/index.php\/wp-json\/wp\/v2\/users\/1"}],"replies":[{"embeddable":true,"href":"https:\/\/http.varomajoias.com.br\/index.php\/wp-json\/wp\/v2\/comments?post=184"}],"version-history":[{"count":100,"href":"https:\/\/http.varomajoias.com.br\/index.php\/wp-json\/wp\/v2\/pages\/184\/revisions"}],"predecessor-version":[{"id":524,"href":"https:\/\/http.varomajoias.com.br\/index.php\/wp-json\/wp\/v2\/pages\/184\/revisions\/524"}],"wp:attachment":[{"href":"https:\/\/http.varomajoias.com.br\/index.php\/wp-json\/wp\/v2\/media?parent=184"}],"curies":[{"name":"wp","href":"https:\/\/api.w.org\/{rel}","templated":true}]}}